{"id":14131,"date":"2021-09-09T18:31:49","date_gmt":"2021-09-09T18:31:49","guid":{"rendered":"https:\/\/www.hernanihiribildua.eus\/dorretxea\/"},"modified":"2023-01-31T15:48:55","modified_gmt":"2023-01-31T14:48:55","slug":"dorretxea","status":"publish","type":"page","link":"https:\/\/www.hernanihiribildua.eus\/ca\/dorretxea\/","title":{"rendered":"Dorretxea. L\u2019Hernani defensiva"},"content":{"rendered":"<p>[et_pb_section fb_built=&#8221;1&#8243; admin_label=&#8221;audio&#8221; _builder_version=&#8221;4.16&#8243; _module_preset=&#8221;default&#8221; background_color=&#8221;gcid-0c77fdef-c800-4355-95e8-889dc0883874&#8243; positioning=&#8221;fixed&#8221; position_origin_f=&#8221;bottom_left&#8221; z_index=&#8221;102&#8243; max_height=&#8221;90px&#8221; custom_margin=&#8221;0px|0px|0px|0px|true|true&#8221; custom_padding=&#8221;0px|0px|0px|0px|true|false&#8221; global_colors_info=&#8221;{%22gcid-0c77fdef-c800-4355-95e8-889dc0883874%22:%91%22background_color%22%93}&#8221;][et_pb_row column_structure=&#8221;1_4,3_4&#8243; module_id=&#8221;dos-columnas3-4&#8243; _builder_version=&#8221;4.16&#8243; _module_preset=&#8221;default&#8221; width=&#8221;100%&#8221; custom_margin=&#8221;0px||0px||true|false&#8221; custom_padding=&#8221;0px||0px||false|false&#8221; custom_css_main_element=&#8221;display: flex;&#8221; global_colors_info=&#8221;{}&#8221;][et_pb_column type=&#8221;1_4&#8243; _builder_version=&#8221;4.16&#8243; _module_preset=&#8221;default&#8221; background_color=&#8221;gcid-faaedd77-499c-4683-8aad-da3b53f60737&#8243; custom_css_main_element=&#8221;max-width: 30%&#8221; global_colors_info=&#8221;{%22gcid-faaedd77-499c-4683-8aad-da3b53f60737%22:%91%22background_color%22%93}&#8221;][et_pb_blurb title=&#8221;Comment arriver&#8221; url_new_window=&#8221;on&#8221; use_icon=&#8221;on&#8221; font_icon=&#8221;&#xe01f;||divi||400&#8243; icon_color=&#8221;gcid-ec43bfa0-441b-4bfa-a954-95f07f1467c9&#8243; image_icon_width=&#8221;34px&#8221; _builder_version=&#8221;4.16&#8243; _module_preset=&#8221;default&#8221; header_font_size=&#8221;16px&#8221; body_font=&#8221;Roboto Slab||||||||&#8221; body_font_size=&#8221;15px&#8221; body_line_height=&#8221;1.3em&#8221; text_orientation=&#8221;center&#8221; background_layout=&#8221;dark&#8221; custom_padding=&#8221;8px||8px||true|false&#8221; link_option_url=&#8221;https:\/\/www.google.com\/maps\/dir\/\/43.2659435,-1.9752248\/@43.2661023,-1.9751057,20.11z\/data=!4m2!4m1!3e0&#8243; link_option_url_new_window=&#8221;on&#8221; custom_css_blurb_image=&#8221;padding-top: 5px;&#8221; custom_css_blurb_title=&#8221;margin-top:-20px;||margin-bottom: 10px;&#8221; icon_font_size=&#8221;34px&#8221; global_colors_info=&#8221;{%22gcid-ec43bfa0-441b-4bfa-a954-95f07f1467c9%22:%91%22icon_color%22%93}&#8221; custom_css_blurb_image_last_edited=&#8221;on|tablet&#8221; custom_css_blurb_title_last_edited=&#8221;on|desktop&#8221; custom_css_blurb_image_tablet=&#8221;padding-top: 5px;&#8221; custom_css_blurb_image_phone=&#8221;padding-top: 5px;&#8221; custom_css_blurb_title_tablet=&#8221;margin-top:-20px;||margin-bottom: 10px;&#8221; custom_css_blurb_title_phone=&#8221;margin-top:-20px;||margin-bottom: 10px;&#8221;][\/et_pb_blurb][\/et_pb_column][et_pb_column type=&#8221;3_4&#8243; _builder_version=&#8221;4.16&#8243; _module_preset=&#8221;default&#8221; custom_padding=&#8221;0px||0px||false|false&#8221; global_colors_info=&#8221;{}&#8221;][et_pb_audio audio=&#8221;https:\/\/www.hernanihiribildua.eus\/wp-content\/uploads\/2021\/09\/4.-DorretxeaCAT.mp3&#8243; title=&#8221;4. Dorretxea&#8221; _builder_version=&#8221;4.16&#8243; _module_preset=&#8221;default&#8221; title_font=&#8221;Berkshire Swash||||||||&#8221; title_text_color=&#8221;gcid-581d8fed-f125-456b-a027-513d132d6187&#8243; title_font_size=&#8221;28px&#8221; background_enable_color=&#8221;off&#8221; positioning=&#8221;none&#8221; z_index=&#8221;0&#8243; width=&#8221;100%&#8221; max_width=&#8221;2000px&#8221; custom_margin=&#8221;0px||0px||true|false&#8221; custom_padding=&#8221;1%||1%||false|false&#8221; custom_padding_tablet=&#8221;20px||1%||false|false&#8221; custom_padding_phone=&#8221;&#8221; custom_padding_last_edited=&#8221;on|phone&#8221; title_font_size_tablet=&#8221;23px&#8221; title_font_size_phone=&#8221;22px&#8221; title_font_size_last_edited=&#8221;on|tablet&#8221; global_colors_info=&#8221;{%22gcid-581d8fed-f125-456b-a027-513d132d6187%22:%91%22title_text_color%22%93}&#8221;][\/et_pb_audio][\/et_pb_column][\/et_pb_row][\/et_pb_section][et_pb_section fb_built=&#8221;1&#8243; custom_padding_last_edited=&#8221;on|tablet&#8221; next_background_color=&#8221;#160539&#8243; admin_label=&#8221;portada&#8221; _builder_version=&#8221;4.19.5&#8243; _module_preset=&#8221;default&#8221; background_color=&#8221;#7799bc&#8221; background_image=&#8221;https:\/\/www.hernanihiribildua.eus\/wp-content\/uploads\/2021\/06\/dorretxeapaisaia2.jpg&#8221; width_tablet=&#8221;&#8221; width_phone=&#8221;100%&#8221; width_last_edited=&#8221;on|phone&#8221; min_height=&#8221;80vh&#8221; min_height_tablet=&#8221;&#8221; min_height_phone=&#8221;&#8221; min_height_last_edited=&#8221;on|phone&#8221; custom_padding=&#8221;30px||100px||false|false&#8221; custom_padding_tablet=&#8221;&#8221; custom_padding_phone=&#8221;||18px||false|false&#8221; bottom_divider_style=&#8221;none&#8221; hover_enabled=&#8221;0&#8243; background_color_tablet=&#8221;#7799bc&#8221; background_last_edited=&#8221;on|phone&#8221; background_enable_color_tablet=&#8221;on&#8221; use_background_color_gradient_tablet=&#8221;off&#8221; use_background_color_gradient_phone=&#8221;off&#8221; background_color_gradient_stops_tablet=&#8221;#fc5441 0%|#fd6243 100%&#8221; background_color_gradient_start_tablet=&#8221;#fc5441&#8243; background_color_gradient_end_tablet=&#8221;#fd6243&#8243; background_image_phone=&#8221;https:\/\/www.hernanihiribildua.eus\/wp-content\/uploads\/2021\/06\/dorretxeapaisaia2movil.jpg&#8221; background_enable_image_phone=&#8221;on&#8221; parallax_tablet=&#8221;off&#8221; parallax_method_tablet=&#8221;off&#8221; background_size_tablet=&#8221;initial&#8221; background_size_phone=&#8221;contain&#8221; background_position_tablet=&#8221;bottom_center&#8221; module_alignment_tablet=&#8221;&#8221; module_alignment_phone=&#8221;&#8221; module_alignment_last_edited=&#8221;on|phone&#8221; overflow-x_tablet=&#8221;&#8221; overflow-x_phone=&#8221;hidden&#8221; overflow-x_last_edited=&#8221;on|phone&#8221; global_colors_info=&#8221;{}&#8221; background_position_phone=&#8221;top_center&#8221; background_color_phone=&#8221;#232544&#8243; background_enable_color_phone=&#8221;on&#8221; sticky_enabled=&#8221;0&#8243;][et_pb_row custom_padding_last_edited=&#8221;on|phone&#8221; _builder_version=&#8221;4.19.5&#8243; _module_preset=&#8221;default&#8221; horizontal_offset_tablet=&#8221;&#8221; horizontal_offset_phone=&#8221;0px&#8221; horizontal_offset_last_edited=&#8221;on|phone&#8221; width_tablet=&#8221;&#8221; width_phone=&#8221;90%&#8221; width_last_edited=&#8221;on|phone&#8221; max_width=&#8221;700px&#8221; max_width_tablet=&#8221;532px&#8221; max_width_phone=&#8221;532px&#8221; max_width_last_edited=&#8221;on|phone&#8221; module_alignment=&#8221;right&#8221; custom_margin=&#8221;||||false|false&#8221; custom_margin_tablet=&#8221;&#8221; custom_margin_phone=&#8221;0px||0px||false|false&#8221; custom_margin_last_edited=&#8221;on|phone&#8221; custom_padding=&#8221;87px|10%|0px||false|false&#8221; custom_padding_tablet=&#8221;0px|0%||95px|false|false&#8221; custom_padding_phone=&#8221;|||0px|false|false&#8221; hover_enabled=&#8221;0&#8243; module_alignment_tablet=&#8221;&#8221; module_alignment_phone=&#8221;center&#8221; module_alignment_last_edited=&#8221;on|phone&#8221; locked=&#8221;off&#8221; global_colors_info=&#8221;{}&#8221; horizontal_offset=&#8221;-10%&#8221; sticky_enabled=&#8221;0&#8243;][et_pb_column type=&#8221;4_4&#8243; admin_label=&#8221;Columna&#8221; _builder_version=&#8221;4.19.5&#8243; _module_preset=&#8221;default&#8221; background_enable_color=&#8221;off&#8221; custom_padding=&#8221;30px|28px|30px|28px|true|true&#8221; custom_padding_tablet=&#8221;17px|30px|17px|30px|true|true&#8221; custom_padding_phone=&#8221;140px|4px||4px|false|true&#8221; custom_padding_last_edited=&#8221;on|phone&#8221; scroll_fade=&#8221;0|21|94|100|0|100|30%&#8221; hover_enabled=&#8221;0&#8243; border_radii=&#8221;on|16px|16px|16px|16px&#8221; global_colors_info=&#8221;{}&#8221; sticky_enabled=&#8221;0&#8243;][et_pb_image src=&#8221;https:\/\/www.hernanihiribildua.eus\/wp-content\/uploads\/2021\/05\/4-dorretxea.svg&#8221; title_text=&#8221;4 dorretxea&#8221; _builder_version=&#8221;4.19.5&#8243; _module_preset=&#8221;default&#8221; transform_scale_tablet=&#8221;&#8221; transform_scale_phone=&#8221;&#8221; transform_scale_last_edited=&#8221;on|phone&#8221; transform_translate_tablet=&#8221;30px|-11px&#8221; transform_translate_phone=&#8221;54px|-39px&#8221; transform_translate_last_edited=&#8221;on|desktop&#8221; transform_rotate_tablet=&#8221;&#8221; transform_rotate_phone=&#8221;&#8221; transform_rotate_last_edited=&#8221;on|phone&#8221; transform_skew_tablet=&#8221;&#8221; transform_skew_phone=&#8221;&#8221; transform_skew_last_edited=&#8221;on|phone&#8221; transform_origin_tablet=&#8221;&#8221; transform_origin_phone=&#8221;&#8221; transform_origin_last_edited=&#8221;on|phone&#8221; positioning=&#8221;absolute&#8221; vertical_offset=&#8221;89px&#8221; horizontal_offset=&#8221;7px&#8221; z_index=&#8221;4&#8243; vertical_offset_tablet=&#8221;66px&#8221; vertical_offset_phone=&#8221;62px&#8221; vertical_offset_last_edited=&#8221;on|desktop&#8221; width=&#8221;80px&#8221; max_width=&#8221;80px&#8221; custom_margin=&#8221;||||false|false&#8221; custom_padding=&#8221;||0px||false|false&#8221; scroll_vertical_motion=&#8221;0|6|80|100|-1|0|-1&#8243; scroll_fade=&#8221;0|22|90|100|0|100|0%&#8221; scroll_scaling=&#8221;0|24|79|100|10%|100|10%&#8221; border_radii=&#8221;on|12px|12px|12px|12px&#8221; global_colors_info=&#8221;{}&#8221; disabled_on=&#8221;off|off|off&#8221; background_enable_color=&#8221;off&#8221; positioning_tablet=&#8221;absolute&#8221; positioning_phone=&#8221;absolute&#8221; positioning_last_edited=&#8221;on|tablet&#8221; animation_style=&#8221;zoom&#8221; custom_css_main_element=&#8221;||filter: drop-shadow(0px 0px 3px #ebd8d8);||  &#8221; position_origin_a_tablet=&#8221;top_right&#8221; position_origin_a_phone=&#8221;top_right&#8221; position_origin_a_last_edited=&#8221;on|desktop&#8221; position_origin_f_last_edited=&#8221;on|desktop&#8221; position_origin_r_last_edited=&#8221;on|desktop&#8221; hover_enabled=&#8221;0&#8243; sticky_enabled=&#8221;0&#8243;][\/et_pb_image][et_pb_text _builder_version=&#8221;4.19.5&#8243; _module_preset=&#8221;default&#8221; text_font=&#8221;Roboto Slab||||||||&#8221; text_text_color=&#8221;#FFFFFF&#8221; header_2_text_color=&#8221;gcid-581d8fed-f125-456b-a027-513d132d6187&#8243; background_color=&#8221;rgba(8,0,30,0.76)&#8221; max_width=&#8221;100%&#8221; module_alignment=&#8221;right&#8221; custom_margin=&#8221;111px||0px||false|false&#8221; custom_margin_tablet=&#8221;||0px||false|false&#8221; custom_margin_phone=&#8221;&#8221; custom_margin_last_edited=&#8221;on|phone&#8221; custom_padding=&#8221;39px|50px|35px|69px|false|false&#8221; custom_padding_tablet=&#8221;&#8221; custom_padding_phone=&#8221;35px|23px|35px|23px|true|true&#8221; custom_padding_last_edited=&#8221;on|phone&#8221; border_radii=&#8221;on|20px|20px|20px|20px&#8221; box_shadow_style=&#8221;preset2&#8243; global_colors_info=&#8221;{%22gcid-0c77fdef-c800-4355-95e8-889dc0883874%22:%91%93,%22gcid-ec43bfa0-441b-4bfa-a954-95f07f1467c9%22:%91%93,%22gcid-581d8fed-f125-456b-a027-513d132d6187%22:%91%22header_2_text_color%22%93}&#8221;]<\/p>\n<h1>Dorretxea<\/h1>\n<h2><b>L\u2019Hernani defensiva <\/b><\/h2>\n<p>Hernani era un punt estrat\u00e8gic en les disputes territorials entre els regnes de Castella i Navarra. El 1180, <span style=\"\"><b><a href=\"\" style=\"\">el rei navarr\u00e8s Sancho el Savi<\/a><\/b><\/span> va fundar la vila de Sant Sebasti\u00e0, la qual cosa donava sortida al mar al Regne de Navarra. Anys m\u00e9s tard, el 1200 la corona castellana conquereix la denominada \u00abNavarra mar\u00edtima\u00bb, \u00c0laba i Guip\u00fascoa (Biscaia ja s\u2019alineava en l\u2019\u00f2rbita castellana a trav\u00e9s dels pactes duts a terme pels Senyors de Biscaia). Al llarg del segle XIII, diferents monarques castellans atorguen cartes de poblament a poblacions com Getaria, Hondarribia i a les que facilitaven la sortida al mar de Castella: Segura, Tolosa&#8230; i Hernani.    <\/p>\n<p>[\/et_pb_text][\/et_pb_column][\/et_pb_row][\/et_pb_section][et_pb_section fb_built=&#8221;1&#8243; admin_label=&#8221;alfonso&#8221; _builder_version=&#8221;4.16&#8243; _module_preset=&#8221;default&#8221; background_color=&#8221;#160539&#8243; background_image=&#8221;https:\/\/www.hernanihiribildua.eus\/wp-content\/uploads\/2021\/05\/alfonso.jpg&#8221; background_size=&#8221;contain&#8221; background_position=&#8221;top_center&#8221; min_height=&#8221;387px&#8221; custom_margin=&#8221;||||false|false&#8221; custom_padding=&#8221;66px||66px||true|false&#8221; top_divider_flip=&#8221;horizontal&#8221; bottom_divider_flip=&#8221;horizontal&#8221; background_last_edited=&#8221;on|desktop&#8221; background_image_tablet=&#8221;https:\/\/www.hernanihiribildua.eus\/wp-content\/uploads\/2021\/05\/alfonso.jpg&#8221; background_image_phone=&#8221;https:\/\/www.hernanihiribildua.eus\/wp-content\/uploads\/2021\/05\/alfonso.jpg&#8221; background_enable_image_tablet=&#8221;on&#8221; background_enable_image_phone=&#8221;on&#8221; background_size_tablet=&#8221;contain&#8221; background_size_phone=&#8221;cover&#8221; background_position_tablet=&#8221;top_right&#8221; background_position_phone=&#8221;top_right&#8221; global_colors_info=&#8221;{}&#8221;][et_pb_row _builder_version=&#8221;4.16&#8243; _module_preset=&#8221;default&#8221; background_enable_image=&#8221;off&#8221; background_size=&#8221;contain&#8221; background_position=&#8221;top_left&#8221; width_tablet=&#8221;&#8221; width_phone=&#8221;&#8221; width_last_edited=&#8221;on|tablet&#8221; custom_margin=&#8221;0px||0px||true|false&#8221; custom_padding=&#8221;0px||0px||true|false&#8221; background_last_edited=&#8221;on|phone&#8221; background_enable_image_tablet=&#8221;off&#8221; global_colors_info=&#8221;{}&#8221;][et_pb_column type=&#8221;4_4&#8243; _builder_version=&#8221;4.16&#8243; _module_preset=&#8221;default&#8221; background_enable_image=&#8221;off&#8221; background_size=&#8221;contain&#8221; background_position=&#8221;top_right&#8221; background_last_edited=&#8221;on|phone&#8221; background_enable_image_tablet=&#8221;off&#8221; background_size_tablet=&#8221;cover&#8221; background_size_phone=&#8221;cover&#8221; global_colors_info=&#8221;{}&#8221;][et_pb_text _builder_version=&#8221;4.16&#8243; _module_preset=&#8221;default&#8221; text_font=&#8221;Roboto Slab||||||||&#8221; text_text_color=&#8221;#FFFFFF&#8221; header_2_text_color=&#8221;#3f1107&#8243; background_color=&#8221;rgba(0,0,0,0.51)&#8221; width=&#8221;55%&#8221; width_tablet=&#8221;350px&#8221; width_phone=&#8221;95%&#8221; width_last_edited=&#8221;on|phone&#8221; max_width=&#8221;32%&#8221; max_width_tablet=&#8221;94%&#8221; max_width_phone=&#8221;&#8221; max_width_last_edited=&#8221;on|tablet&#8221; module_alignment=&#8221;left&#8221; custom_margin=&#8221;50px||50px||true|false&#8221; custom_padding=&#8221;35px|50px|35px|50px|true|true&#8221; custom_padding_tablet=&#8221;&#8221; custom_padding_phone=&#8221;35px|25px|35px|25px|true|true&#8221; custom_padding_last_edited=&#8221;on|phone&#8221; module_alignment_tablet=&#8221;&#8221; module_alignment_phone=&#8221;center&#8221; module_alignment_last_edited=&#8221;on|desktop&#8221; border_radii=&#8221;on|20px|20px|20px|20px&#8221; box_shadow_style=&#8221;preset2&#8243; global_colors_info=&#8221;{%22gcid-0c77fdef-c800-4355-95e8-889dc0883874%22:%91%93}&#8221;]<\/p>\n<p><b>Es creu que a mitjan segle XIII, <a href=\"\">Alfons X el Savi,<\/a>rei de Castella, va atorgar carta de poblament a la poblaci\u00f3 d\u2019Hernani, per\u00f2 no n\u2019hi ha const\u00e0ncia, ja que el document va desapar\u00e8ixer en un dels nombrosos avatars b\u00e8l\u00b7lics i incendis que van arrasar el nostre poble.  <\/b><\/p>\n<p>[\/et_pb_text][\/et_pb_column][\/et_pb_row][\/et_pb_section][et_pb_section fb_built=&#8221;1&#8243; custom_padding_last_edited=&#8221;on|tablet&#8221; _builder_version=&#8221;4.16&#8243; _module_preset=&#8221;default&#8221; background_color=&#8221;#b1aaa2&#8243; background_color_gradient_direction=&#8221;90deg&#8221; background_image=&#8221;https:\/\/www.hernanihiribildua.eus\/wp-content\/uploads\/2021\/08\/dorretxeakalean.jpg&#8221; background_size=&#8221;contain&#8221; background_position=&#8221;center_right&#8221; module_alignment=&#8221;center&#8221; min_height=&#8221;400px&#8221; custom_margin=&#8221;||0px||false|false&#8221; custom_padding=&#8221;209px||166px||false|false&#8221; custom_padding_tablet=&#8221;25px||30px||false|false&#8221; custom_padding_phone=&#8221;20px||378px||false|false&#8221; bottom_divider_flip=&#8221;vertical&#8221; background_last_edited=&#8221;on|desktop&#8221; background_image_phone=&#8221;https:\/\/www.hernanihiribildua.eus\/wp-content\/uploads\/2021\/08\/dorretxeakalean.jpg&#8221; background_enable_image_phone=&#8221;on&#8221; background_position_phone=&#8221;bottom_right&#8221; global_colors_info=&#8221;{}&#8221;][et_pb_row _builder_version=&#8221;4.16&#8243; _module_preset=&#8221;default&#8221; global_colors_info=&#8221;{}&#8221;][et_pb_column type=&#8221;4_4&#8243; _builder_version=&#8221;4.16&#8243; _module_preset=&#8221;default&#8221; global_colors_info=&#8221;{}&#8221;][et_pb_text _builder_version=&#8221;4.16&#8243; _module_preset=&#8221;default&#8221; text_font=&#8221;Roboto Slab||||||||&#8221; text_text_color=&#8221;gcid-ce11580d-a74d-4e9c-95e0-a42e5dd66a2f&#8221; max_width=&#8221;500px&#8221; custom_padding_tablet=&#8221;|145px|||false|false&#8221; custom_padding_phone=&#8221;|0px|||false|false&#8221; custom_padding_last_edited=&#8221;on|phone&#8221; global_colors_info=&#8221;{%22gcid-ce11580d-a74d-4e9c-95e0-a42e5dd66a2f%22:%91%22text_text_color%22%93}&#8221;]<\/p>\n<p>La casa torre de Kale Nagusia 13 era un dels poderosos bastions que defensaven l\u2019acc\u00e9s a la vila. Una veritable fortalesa medieval, potent i pesada. Sens dubte, una joia amagada, que est\u00e0 catalogada com a monument historicoart\u00edstic, i que \u00e9s un dels nostres edificis m\u00e9s antics, possiblement del segle XIV. L\u2019habitatge era al primer pis i s\u2019hi accedia per una escala de pedra adossada, que es va enderrocar al segle XIX.    <\/p>\n<p>El pas del temps ha anat transformant l\u2019edifici, que deixa de ser una fortalesa per convertir-se en habitatge. En conseq\u00fc\u00e8ncia, es redistribueixen i s\u2019amplien les plantes i s\u2019obren grans finestres. Tanmateix, aquests forts murs de carreus, la petita entrada d\u2019arc apuntat, la sagetera amb tronera i una altra s\u00e8rie de detalls ens parlen d\u2019un passat guerrer.  <\/p>\n<p>[\/et_pb_text][\/et_pb_column][\/et_pb_row][\/et_pb_section][et_pb_section fb_built=&#8221;1&#8243; _builder_version=&#8221;4.16&#8243; _module_preset=&#8221;default&#8221; custom_margin=&#8221;0px||0px||true|false&#8221; custom_padding=&#8221;0px||0px||true|false&#8221; global_colors_info=&#8221;{}&#8221;][et_pb_row column_structure=&#8221;1_4,1_4,1_4,1_4&#8243; use_custom_gutter=&#8221;on&#8221; gutter_width=&#8221;1&#8243; _builder_version=&#8221;4.16&#8243; _module_preset=&#8221;default&#8221; width=&#8221;100%&#8221; max_width=&#8221;2560px&#8221; custom_margin=&#8221;0px||0px||false|false&#8221; custom_padding=&#8221;0px||0px||false|false&#8221; global_colors_info=&#8221;{}&#8221;][et_pb_column type=&#8221;1_4&#8243; module_class=&#8221;dos-columnas&#8221; _builder_version=&#8221;4.16&#8243; _module_preset=&#8221;default&#8221; custom_padding=&#8221;0px||0px||false|false&#8221; global_colors_info=&#8221;{}&#8221;][et_pb_image src=&#8221;https:\/\/www.hernanihiribildua.eus\/wp-content\/uploads\/2021\/08\/dorretxxea5.jpg&#8221; title_text=&#8221;dorretxxea5&#8243; show_in_lightbox=&#8221;on&#8221; _builder_version=&#8221;4.16&#8243; _module_preset=&#8221;default&#8221; custom_margin=&#8221;0px||0px||true|false&#8221; custom_padding=&#8221;0px||0px||true|false&#8221; box_shadow_style=&#8221;preset6&#8243; box_shadow_spread=&#8221;10px&#8221; global_colors_info=&#8221;{}&#8221;][\/et_pb_image][\/et_pb_column][et_pb_column type=&#8221;1_4&#8243; module_class=&#8221;dos-columnas&#8221; _builder_version=&#8221;4.16&#8243; _module_preset=&#8221;default&#8221; custom_padding=&#8221;0px||0px||false|false&#8221; global_colors_info=&#8221;{}&#8221;][et_pb_image src=&#8221;https:\/\/www.hernanihiribildua.eus\/wp-content\/uploads\/2021\/08\/dorretxea4.jpg&#8221; title_text=&#8221;dorretxea4&#8243; show_in_lightbox=&#8221;on&#8221; _builder_version=&#8221;4.16&#8243; _module_preset=&#8221;default&#8221; custom_margin=&#8221;0px||0px||true|false&#8221; custom_padding=&#8221;0px||0px||true|false&#8221; box_shadow_style=&#8221;preset6&#8243; box_shadow_spread=&#8221;10px&#8221; global_colors_info=&#8221;{}&#8221;][\/et_pb_image][\/et_pb_column][et_pb_column type=&#8221;1_4&#8243; _builder_version=&#8221;4.16&#8243; _module_preset=&#8221;default&#8221; custom_padding=&#8221;0px||0px||false|false&#8221; global_colors_info=&#8221;{}&#8221;][et_pb_image src=&#8221;https:\/\/www.hernanihiribildua.eus\/wp-content\/uploads\/2021\/08\/dorretxea6.jpg&#8221; title_text=&#8221;dorretxea6&#8243; show_in_lightbox=&#8221;on&#8221; _builder_version=&#8221;4.16&#8243; _module_preset=&#8221;default&#8221; custom_margin=&#8221;0px||0px||true|false&#8221; custom_padding=&#8221;0px||0px||true|false&#8221; box_shadow_style=&#8221;preset6&#8243; box_shadow_spread=&#8221;10px&#8221; global_colors_info=&#8221;{}&#8221;][\/et_pb_image][\/et_pb_column][et_pb_column type=&#8221;1_4&#8243; _builder_version=&#8221;4.16&#8243; _module_preset=&#8221;default&#8221; custom_padding=&#8221;0px||0px||false|false&#8221; global_colors_info=&#8221;{}&#8221;][et_pb_image src=&#8221;https:\/\/www.hernanihiribildua.eus\/wp-content\/uploads\/2021\/08\/dorretxea3.jpg&#8221; title_text=&#8221;dorretxea3&#8243; show_in_lightbox=&#8221;on&#8221; _builder_version=&#8221;4.16&#8243; _module_preset=&#8221;default&#8221; custom_margin=&#8221;0px||0px||true|false&#8221; custom_padding=&#8221;0px||0px||true|false&#8221; box_shadow_style=&#8221;preset6&#8243; box_shadow_spread=&#8221;10px&#8221; global_colors_info=&#8221;{}&#8221;][\/et_pb_image][\/et_pb_column][\/et_pb_row][et_pb_row _builder_version=&#8221;4.16&#8243; _module_preset=&#8221;default&#8221; custom_margin=&#8221;20px||||false|false&#8221; locked=&#8221;off&#8221; global_colors_info=&#8221;{}&#8221;][et_pb_column type=&#8221;4_4&#8243; _builder_version=&#8221;4.16&#8243; _module_preset=&#8221;default&#8221; global_colors_info=&#8221;{}&#8221;][et_pb_text _builder_version=&#8221;4.16&#8243; _module_preset=&#8221;default&#8221; text_text_color=&#8221;gcid-ce11580d-a74d-4e9c-95e0-a42e5dd66a2f&#8221; header_2_font_size=&#8221;24px&#8221; global_colors_info=&#8221;{%22gcid-ce11580d-a74d-4e9c-95e0-a42e5dd66a2f%22:%91%22text_text_color%22%93}&#8221;]<\/p>\n<h2>Enlla\u00e7os d&#8217;inter\u00e8s:<\/h2>\n<p><strong>Sancho el Savi:<\/strong><\/p>\n<p><a href=\"https:\/\/es.wikipedia.org\/wiki\/Sancho_VI_de_Navarra\">https:\/\/es.wikipedia.org\/wiki\/Sancho_VI_de_Navarra<\/a><\/p>\n<p><strong>Alfonso el Savi:<\/strong><\/p>\n<p><a href=\"https:\/\/es.wikipedia.org\/wiki\/Alfonso_X_de_Castilla\">https:\/\/es.wikipedia.org\/wiki\/Alfonso_X_de_Castilla<\/a><\/p>\n<p>&nbsp;<\/p>\n<p>[\/et_pb_text][\/et_pb_column][\/et_pb_row][\/et_pb_section]<\/p>\n","protected":false},"excerpt":{"rendered":"<p>Dorretxea L\u2019Hernani defensiva Hernani era un punt estrat\u00e8gic en les disputes territorials entre els regnes de Castella i Navarra. El 1180, el rei navarr\u00e8s Sancho el Savi va fundar la vila de Sant Sebasti\u00e0, la qual cosa donava sortida al mar al Regne de Navarra. Anys m\u00e9s tard, el 1200 la corona castellana conquereix la [&hellip;]<\/p>\n","protected":false},"author":1,"featured_media":0,"parent":0,"menu_order":0,"comment_status":"closed","ping_status":"closed","template":"","meta":{"_et_pb_use_builder":"on","_et_pb_old_content":"","_et_gb_content_width":"","inline_featured_image":false,"footnotes":""},"class_list":["post-14131","page","type-page","status-publish","hentry"],"_links":{"self":[{"href":"https:\/\/www.hernanihiribildua.eus\/ca\/wp-json\/wp\/v2\/pages\/14131","targetHints":{"allow":["GET"]}}],"collection":[{"href":"https:\/\/www.hernanihiribildua.eus\/ca\/wp-json\/wp\/v2\/pages"}],"about":[{"href":"https:\/\/www.hernanihiribildua.eus\/ca\/wp-json\/wp\/v2\/types\/page"}],"author":[{"embeddable":true,"href":"https:\/\/www.hernanihiribildua.eus\/ca\/wp-json\/wp\/v2\/users\/1"}],"replies":[{"embeddable":true,"href":"https:\/\/www.hernanihiribildua.eus\/ca\/wp-json\/wp\/v2\/comments?post=14131"}],"version-history":[{"count":6,"href":"https:\/\/www.hernanihiribildua.eus\/ca\/wp-json\/wp\/v2\/pages\/14131\/revisions"}],"predecessor-version":[{"id":15458,"href":"https:\/\/www.hernanihiribildua.eus\/ca\/wp-json\/wp\/v2\/pages\/14131\/revisions\/15458"}],"wp:attachment":[{"href":"https:\/\/www.hernanihiribildua.eus\/ca\/wp-json\/wp\/v2\/media?parent=14131"}],"curies":[{"name":"wp","href":"https:\/\/api.w.org\/{rel}","templated":true}]}}